{"id":848,"date":"2024-03-16T18:09:54","date_gmt":"2024-03-16T21:09:54","guid":{"rendered":"https:\/\/ofertas.flakesbrazil.com.br\/?page_id=848"},"modified":"2024-03-16T18:26:01","modified_gmt":"2024-03-16T21:26:01","slug":"up-01","status":"publish","type":"page","link":"https:\/\/ofertas.flakesbrazil.com.br\/index.php\/up-01\/","title":{"rendered":"Flakes &#8211; tks checkout 1"},"content":{"rendered":"\t\t<div data-elementor-type=\"wp-page\" data-elementor-id=\"848\" class=\"elementor elementor-848\" data-elementor-post-type=\"page\">\n\t\t\t\t<div class=\"elementor-element elementor-element-b0ef11b e-flex e-con-boxed e-con e-parent\" data-id=\"b0ef11b\" data-element_type=\"container\" data-settings=\"{&quot;background_background&quot;:&quot;gradient&quot;,&quot;shape_divider_bottom&quot;:&quot;curve-asymmetrical&quot;}\">\n\t\t\t\t\t<div class=\"e-con-inner\">\n\t\t\t\t<div class=\"elementor-shape elementor-shape-bottom\" data-negative=\"false\">\n\t\t\t<svg xmlns=\"http:\/\/www.w3.org\/2000\/svg\" viewBox=\"0 0 1000 100\" preserveAspectRatio=\"none\">\n\t<path class=\"elementor-shape-fill\" d=\"M0,0c0,0,0,6,0,6.7c0,18,240.2,93.6,615.2,92.6C989.8,98.5,1000,25,1000,6.7c0-0.7,0-6.7,0-6.7H0z\"\/>\n<\/svg>\t\t<\/div>\n\t\t<div class=\"elementor-element elementor-element-6caa0c8 e-con-full e-flex e-con e-child\" data-id=\"6caa0c8\" data-element_type=\"container\">\n\t\t\t\t<\/div>\n\t\t<div class=\"elementor-element elementor-element-562e9d1 e-con-full e-flex e-con e-child\" data-id=\"562e9d1\" data-element_type=\"container\" data-settings=\"{&quot;background_background&quot;:&quot;classic&quot;}\">\n\t\t\t\t<div class=\"elementor-element elementor-element-f093ce8 GRA1 elementor-widget elementor-widget-heading\" data-id=\"f093ce8\" data-element_type=\"widget\" data-widget_type=\"heading.default\">\n\t\t\t\t<div class=\"elementor-widget-container\">\n\t\t\t\t\t<h2 class=\"elementor-heading-title elementor-size-default\">Pronto! Tenho mais uma oportunidade !<\/h2>\t\t\t\t<\/div>\n\t\t\t\t<\/div>\n\t\t\t\t<div class=\"elementor-element elementor-element-681bce8 elementor-widget elementor-widget-text-editor\" data-id=\"681bce8\" data-element_type=\"widget\" data-widget_type=\"text-editor.default\">\n\t\t\t\t<div class=\"elementor-widget-container\">\n\t\t\t\t\t\t\t\t\t<p><span style=\"font-weight: 400;\">Voc\u00ea tem a possibilidade de agregar ainda mais seu conhecimento com mais um curso, tudo isso com um desconto ainda maior!<\/span><\/p>\t\t\t\t\t\t\t\t<\/div>\n\t\t\t\t<\/div>\n\t\t\t\t<\/div>\n\t\t<div class=\"elementor-element elementor-element-eb9f01a e-con-full e-flex e-con e-child\" data-id=\"eb9f01a\" data-element_type=\"container\">\n\t\t\t\t<\/div>\n\t\t\t\t\t<\/div>\n\t\t\t\t<\/div>\n\t\t<div class=\"elementor-element elementor-element-46f4da4 e-flex e-con-boxed e-con e-parent\" data-id=\"46f4da4\" data-element_type=\"container\" data-settings=\"{&quot;background_background&quot;:&quot;classic&quot;}\">\n\t\t\t\t\t<div class=\"e-con-inner\">\n\t\t\t\t<div class=\"elementor-element elementor-element-7ccbb0f elementor-widget elementor-widget-text-editor\" data-id=\"7ccbb0f\" data-element_type=\"widget\" data-widget_type=\"text-editor.default\">\n\t\t\t\t<div class=\"elementor-widget-container\">\n\t\t\t\t\t\t\t\t\t<p>Fale com nosso Suporte pelo Whats App e resgate seu cupom agora mesmo!<\/p>\t\t\t\t\t\t\t\t<\/div>\n\t\t\t\t<\/div>\n\t\t\t\t\t<\/div>\n\t\t\t\t<\/div>\n\t\t<div class=\"elementor-element elementor-element-02db0c1 e-flex e-con-boxed e-con e-parent\" data-id=\"02db0c1\" data-element_type=\"container\">\n\t\t\t\t\t<div class=\"e-con-inner\">\n\t\t<div class=\"elementor-element elementor-element-417ec2e e-con-full e-flex e-con e-child\" data-id=\"417ec2e\" data-element_type=\"container\">\n\t\t\t\t<\/div>\n\t\t<div class=\"elementor-element elementor-element-7cb98c7 e-con-full e-flex e-con e-child\" data-id=\"7cb98c7\" data-element_type=\"container\">\n\t\t\t\t<div class=\"elementor-element elementor-element-f87ff09 elementor-widget elementor-widget-image\" data-id=\"f87ff09\" data-element_type=\"widget\" data-widget_type=\"image.default\">\n\t\t\t\t<div class=\"elementor-widget-container\">\n\t\t\t\t\t\t\t\t\t\t\t\t\t\t\t<img decoding=\"async\" width=\"441\" height=\"31\" src=\"https:\/\/ofertas.flakesbrazil.com.br\/wp-content\/uploads\/2024\/03\/FLAKES-compra-segura.png.webp\" class=\"attachment-large size-large wp-image-62\" alt=\"\" srcset=\"https:\/\/ofertas.flakesbrazil.com.br\/wp-content\/uploads\/2024\/03\/FLAKES-compra-segura.png.webp 441w, https:\/\/ofertas.flakesbrazil.com.br\/wp-content\/uploads\/2024\/03\/FLAKES-compra-segura.png-300x21.webp 300w\" sizes=\"(max-width: 441px) 100vw, 441px\" \/>\t\t\t\t\t\t\t\t\t\t\t\t\t\t\t<\/div>\n\t\t\t\t<\/div>\n\t\t\t\t<\/div>\n\t\t<div class=\"elementor-element elementor-element-95b65d5 e-con-full e-flex e-con e-child\" data-id=\"95b65d5\" data-element_type=\"container\">\n\t\t\t\t<\/div>\n\t\t\t\t\t<\/div>\n\t\t\t\t<\/div>\n\t\t<div class=\"elementor-element elementor-element-2a62573 e-flex e-con-boxed e-con e-parent\" data-id=\"2a62573\" data-element_type=\"container\" data-settings=\"{&quot;background_background&quot;:&quot;gradient&quot;,&quot;position&quot;:&quot;fixed&quot;}\">\n\t\t\t\t\t<div class=\"e-con-inner\">\n\t\t\t\t<div class=\"elementor-element elementor-element-8828c04 elementor-align-center elementor-widget elementor-widget-button\" data-id=\"8828c04\" data-element_type=\"widget\" data-widget_type=\"button.default\">\n\t\t\t\t<div class=\"elementor-widget-container\">\n\t\t\t\t\t\t\t\t\t<div class=\"elementor-button-wrapper\">\n\t\t\t\t\t<a class=\"elementor-button elementor-button-link elementor-size-sm\" href=\"https:\/\/api.whatsapp.com\/send?phone=5511982536325&#038;text=Vi%20o%20an%C3%BAncio%20do%20bolos%20gelados%20e%20preciso%20de%20ajuda%20para%20comprar\">\n\t\t\t\t\t\t<span class=\"elementor-button-content-wrapper\">\n\t\t\t\t\t\t<span class=\"elementor-button-icon\">\n\t\t\t\t<svg aria-hidden=\"true\" class=\"e-font-icon-svg e-far-check-circle\" viewBox=\"0 0 512 512\" xmlns=\"http:\/\/www.w3.org\/2000\/svg\"><path d=\"M256 8C119.033 8 8 119.033 8 256s111.033 248 248 248 248-111.033 248-248S392.967 8 256 8zm0 48c110.532 0 200 89.451 200 200 0 110.532-89.451 200-200 200-110.532 0-200-89.451-200-200 0-110.532 89.451-200 200-200m140.204 130.267l-22.536-22.718c-4.667-4.705-12.265-4.736-16.97-.068L215.346 303.697l-59.792-60.277c-4.667-4.705-12.265-4.736-16.97-.069l-22.719 22.536c-4.705 4.667-4.736 12.265-.068 16.971l90.781 91.516c4.667 4.705 12.265 4.736 16.97.068l172.589-171.204c4.704-4.668 4.734-12.266.067-16.971z\"><\/path><\/svg>\t\t\t<\/span>\n\t\t\t\t\t\t\t\t\t<span class=\"elementor-button-text\"><B>COMPRE PELO WHATS APP!<\/B><\/span>\n\t\t\t\t\t<\/span>\n\t\t\t\t\t<\/a>\n\t\t\t\t<\/div>\n\t\t\t\t\t\t\t\t<\/div>\n\t\t\t\t<\/div>\n\t\t\t\t\t<\/div>\n\t\t\t\t<\/div>\n\t\t<div class=\"elementor-element elementor-element-ff6623d e-flex e-con-boxed e-con e-parent\" data-id=\"ff6623d\" data-element_type=\"container\">\n\t\t\t\t\t<div class=\"e-con-inner\">\n\t\t<div class=\"elementor-element elementor-element-b7d2b02 e-con-full e-flex e-con e-child\" data-id=\"b7d2b02\" data-element_type=\"container\">\n\t\t\t\t<div class=\"elementor-element elementor-element-1d2a4ca elementor-widget elementor-widget-image\" data-id=\"1d2a4ca\" data-element_type=\"widget\" data-widget_type=\"image.default\">\n\t\t\t\t<div class=\"elementor-widget-container\">\n\t\t\t\t\t\t\t\t\t\t\t\t\t\t\t<img fetchpriority=\"high\" decoding=\"async\" width=\"1024\" height=\"220\" src=\"https:\/\/ofertas.flakesbrazil.com.br\/wp-content\/uploads\/2024\/03\/MARCA-ACADEMY-HOR-01-e1694705442319-1024x220-1.png\" class=\"attachment-large size-large wp-image-14\" alt=\"\" srcset=\"https:\/\/ofertas.flakesbrazil.com.br\/wp-content\/uploads\/2024\/03\/MARCA-ACADEMY-HOR-01-e1694705442319-1024x220-1.png 1024w, https:\/\/ofertas.flakesbrazil.com.br\/wp-content\/uploads\/2024\/03\/MARCA-ACADEMY-HOR-01-e1694705442319-1024x220-1-300x64.png 300w, https:\/\/ofertas.flakesbrazil.com.br\/wp-content\/uploads\/2024\/03\/MARCA-ACADEMY-HOR-01-e1694705442319-1024x220-1-768x165.png 768w\" sizes=\"(max-width: 1024px) 100vw, 1024px\" \/>\t\t\t\t\t\t\t\t\t\t\t\t\t\t\t<\/div>\n\t\t\t\t<\/div>\n\t\t\t\t<\/div>\n\t\t<div class=\"elementor-element elementor-element-8d18658 e-con-full e-flex e-con e-child\" data-id=\"8d18658\" data-element_type=\"container\">\n\t\t\t\t<div class=\"elementor-element elementor-element-9be9c2c elementor-widget elementor-widget-text-editor\" data-id=\"9be9c2c\" data-element_type=\"widget\" data-widget_type=\"text-editor.default\">\n\t\t\t\t<div class=\"elementor-widget-container\">\n\t\t\t\t\t\t\t\t\t<p>Todos Direitos Reservados pela Flakes Academy @2024<\/p>\t\t\t\t\t\t\t\t<\/div>\n\t\t\t\t<\/div>\n\t\t\t\t<\/div>\n\t\t\t\t\t<\/div>\n\t\t\t\t<\/div>\n\t\t\t\t<\/div>\n\t\t","protected":false},"excerpt":{"rendered":"<p>Pronto! Tenho mais uma oportunidade ! Para comemorar nosso 1 milh\u00e3o de seguidores no Instagram, preparamos presentes e descontos especiais para voc\u00ea! Chegamos ao sonhado n\u00famero de 1 milh\u00e3o de seguidores no Instagram, e sem voc\u00ea, nada disso seria poss\u00edvel\u2026 Para celebrar, liberamos 2 ofertas imperd\u00edveis para que voc\u00ea seja aluno dos cursos mais vendidos [&hellip;]<\/p>\n","protected":false},"author":1,"featured_media":584,"parent":0,"menu_order":0,"comment_status":"closed","ping_status":"closed","template":"","meta":{"_monsterinsights_skip_tracking":false,"_monsterinsights_sitenote_active":false,"_monsterinsights_sitenote_note":"","_monsterinsights_sitenote_category":0,"footnotes":""},"class_list":["post-848","page","type-page","status-publish","has-post-thumbnail","hentry"],"_links":{"self":[{"href":"https:\/\/ofertas.flakesbrazil.com.br\/index.php\/wp-json\/wp\/v2\/pages\/848","targetHints":{"allow":["GET"]}}],"collection":[{"href":"https:\/\/ofertas.flakesbrazil.com.br\/index.php\/wp-json\/wp\/v2\/pages"}],"about":[{"href":"https:\/\/ofertas.flakesbrazil.com.br\/index.php\/wp-json\/wp\/v2\/types\/page"}],"author":[{"embeddable":true,"href":"https:\/\/ofertas.flakesbrazil.com.br\/index.php\/wp-json\/wp\/v2\/users\/1"}],"replies":[{"embeddable":true,"href":"https:\/\/ofertas.flakesbrazil.com.br\/index.php\/wp-json\/wp\/v2\/comments?post=848"}],"version-history":[{"count":21,"href":"https:\/\/ofertas.flakesbrazil.com.br\/index.php\/wp-json\/wp\/v2\/pages\/848\/revisions"}],"predecessor-version":[{"id":883,"href":"https:\/\/ofertas.flakesbrazil.com.br\/index.php\/wp-json\/wp\/v2\/pages\/848\/revisions\/883"}],"wp:featuredmedia":[{"embeddable":true,"href":"https:\/\/ofertas.flakesbrazil.com.br\/index.php\/wp-json\/wp\/v2\/media\/584"}],"wp:attachment":[{"href":"https:\/\/ofertas.flakesbrazil.com.br\/index.php\/wp-json\/wp\/v2\/media?parent=848"}],"curies":[{"name":"wp","href":"https:\/\/api.w.org\/{rel}","templated":true}]}}